{"id":8928,"date":"2023-08-29T11:35:39","date_gmt":"2023-08-29T11:35:39","guid":{"rendered":"https:\/\/www.kmecki-turizem-krajnc.si\/vecji-in-manjsi-dogodki-copy\/"},"modified":"2023-08-29T11:40:55","modified_gmt":"2023-08-29T11:40:55","slug":"piskotki","status":"publish","type":"page","link":"https:\/\/www.kmecki-turizem-krajnc.si\/it\/piskotki\/","title":{"rendered":"Pi\u0161kotki"},"content":{"rendered":"<div data-elementor-type=\"wp-page\" data-elementor-id=\"8928\" class=\"elementor elementor-8928\">\n\t\t\t\t\t\t\t\t\t<section class=\"elementor-section elementor-top-section elementor-element elementor-element-6326ddb elementor-section-height-min-height ct-section-stretched elementor-section-boxed elementor-section-height-default elementor-section-items-middle\" data-id=\"6326ddb\" data-element_type=\"section\" data-settings=\"{&quot;jet_parallax_layout_list&quot;:[],&quot;background_background&quot;:&quot;classic&quot;}\">\n\t\t\t\t\t\t<div class=\"elementor-container elementor-column-gap-no\">\n\t\t\t\t\t<div class=\"elementor-column elementor-col-100 elementor-top-column elementor-element elementor-element-bf20956\" data-id=\"bf20956\" data-element_type=\"column\">\n\t\t\t<div class=\"elementor-widget-wrap\">\n\t\t\t\t\t\t\t\t\t<\/div>\n\t\t<\/div>\n\t\t\t\t\t\t\t<\/div>\n\t\t<\/section>\n\t\t\t\t<section class=\"elementor-section elementor-top-section elementor-element elementor-element-ab003c5 elementor-section-boxed elementor-section-height-default elementor-section-height-default\" data-id=\"ab003c5\" data-element_type=\"section\" data-settings=\"{&quot;jet_parallax_layout_list&quot;:[]}\">\n\t\t\t\t\t\t<div class=\"elementor-container elementor-column-gap-default\">\n\t\t\t\t\t<div class=\"elementor-column elementor-col-100 elementor-top-column elementor-element elementor-element-0777bb2\" data-id=\"0777bb2\" data-element_type=\"column\">\n\t\t\t<div class=\"elementor-widget-wrap elementor-element-populated\">\n\t\t\t\t\t\t\t\t<div class=\"elementor-element elementor-element-1f44d03 elementor-widget elementor-widget-heading\" data-id=\"1f44d03\" data-element_type=\"widget\" data-widget_type=\"heading.default\">\n\t\t\t\t<div class=\"elementor-widget-container\">\n\t\t\t<style>\/*! elementor - v3.12.1 - 02-04-2023 *\/\n.elementor-heading-title{padding:0;margin:0;line-height:1}.elementor-widget-heading .elementor-heading-title[class*=elementor-size-]>a{color:inherit;font-size:inherit;line-height:inherit}.elementor-widget-heading .elementor-heading-title.elementor-size-small{font-size:15px}.elementor-widget-heading .elementor-heading-title.elementor-size-medium{font-size:19px}.elementor-widget-heading .elementor-heading-title.elementor-size-large{font-size:29px}.elementor-widget-heading .elementor-heading-title.elementor-size-xl{font-size:39px}.elementor-widget-heading .elementor-heading-title.elementor-size-xxl{font-size:59px}<\/style><h2 class=\"elementor-heading-title elementor-size-default\">politika pi\u0161kotkov<\/h2>\t\t<\/div>\n\t\t\t\t<\/div>\n\t\t\t\t<div class=\"elementor-element elementor-element-dd3876e elementor-widget-divider--view-line elementor-widget elementor-widget-divider\" data-id=\"dd3876e\" data-element_type=\"widget\" data-widget_type=\"divider.default\">\n\t\t\t\t<div class=\"elementor-widget-container\">\n\t\t\t<style>\/*! elementor - v3.12.1 - 02-04-2023 *\/\n.elementor-widget-divider{--divider-border-style:none;--divider-border-width:1px;--divider-color:#0c0d0e;--divider-icon-size:20px;--divider-element-spacing:10px;--divider-pattern-height:24px;--divider-pattern-size:20px;--divider-pattern-url:none;--divider-pattern-repeat:repeat-x}.elementor-widget-divider .elementor-divider{display:flex}.elementor-widget-divider .elementor-divider__text{font-size:15px;line-height:1;max-width:95%}.elementor-widget-divider .elementor-divider__element{margin:0 var(--divider-element-spacing);flex-shrink:0}.elementor-widget-divider .elementor-icon{font-size:var(--divider-icon-size)}.elementor-widget-divider .elementor-divider-separator{display:flex;margin:0;direction:ltr}.elementor-widget-divider--view-line_icon .elementor-divider-separator,.elementor-widget-divider--view-line_text .elementor-divider-separator{align-items:center}.elementor-widget-divider--view-line_icon .elementor-divider-separator:after,.elementor-widget-divider--view-line_icon .elementor-divider-separator:before,.elementor-widget-divider--view-line_text .elementor-divider-separator:after,.elementor-widget-divider--view-line_text .elementor-divider-separator:before{display:block;content:\"\";border-bottom:0;flex-grow:1;border-top:var(--divider-border-width) var(--divider-border-style) var(--divider-color)}.elementor-widget-divider--element-align-left .elementor-divider .elementor-divider-separator>.elementor-divider__svg:first-of-type{flex-grow:0;flex-shrink:100}.elementor-widget-divider--element-align-left .elementor-divider-separator:before{content:none}.elementor-widget-divider--element-align-left .elementor-divider__element{margin-left:0}.elementor-widget-divider--element-align-right .elementor-divider .elementor-divider-separator>.elementor-divider__svg:last-of-type{flex-grow:0;flex-shrink:100}.elementor-widget-divider--element-align-right .elementor-divider-separator:after{content:none}.elementor-widget-divider--element-align-right .elementor-divider__element{margin-right:0}.elementor-widget-divider:not(.elementor-widget-divider--view-line_text):not(.elementor-widget-divider--view-line_icon) .elementor-divider-separator{border-top:var(--divider-border-width) var(--divider-border-style) var(--divider-color)}.elementor-widget-divider--separator-type-pattern{--divider-border-style:none}.elementor-widget-divider--separator-type-pattern.elementor-widget-divider--view-line .elementor-divider-separator,.elementor-widget-divider--separator-type-pattern:not(.elementor-widget-divider--view-line) .elementor-divider-separator:after,.elementor-widget-divider--separator-type-pattern:not(.elementor-widget-divider--view-line) .elementor-divider-separator:before,.elementor-widget-divider--separator-type-pattern:not([class*=elementor-widget-divider--view]) .elementor-divider-separator{width:100%;min-height:var(--divider-pattern-height);-webkit-mask-size:var(--divider-pattern-size) 100%;mask-size:var(--divider-pattern-size) 100%;-webkit-mask-repeat:var(--divider-pattern-repeat);mask-repeat:var(--divider-pattern-repeat);background-color:var(--divider-color);-webkit-mask-image:var(--divider-pattern-url);mask-image:var(--divider-pattern-url)}.elementor-widget-divider--no-spacing{--divider-pattern-size:auto}.elementor-widget-divider--bg-round{--divider-pattern-repeat:round}.rtl .elementor-widget-divider .elementor-divider__text{direction:rtl}.e-con-inner>.elementor-widget-divider,.e-con>.elementor-widget-divider{width:var(--container-widget-width,100%);--flex-grow:var(--container-widget-flex-grow)}<\/style>\t\t<div class=\"elementor-divider\">\n\t\t\t<span class=\"elementor-divider-separator\">\n\t\t\t\t\t\t<\/span>\n\t\t<\/div>\n\t\t\t\t<\/div>\n\t\t\t\t<\/div>\n\t\t\t\t<div class=\"elementor-element elementor-element-4ad3cfa8 elementor-widget elementor-widget-text-editor\" data-id=\"4ad3cfa8\" data-element_type=\"widget\" data-widget_type=\"text-editor.default\">\n\t\t\t\t<div class=\"elementor-widget-container\">\n\t\t\t<style>\/*! elementor - v3.12.1 - 02-04-2023 *\/\n.elementor-widget-text-editor.elementor-drop-cap-view-stacked .elementor-drop-cap{background-color:#69727d;color:#fff}.elementor-widget-text-editor.elementor-drop-cap-view-framed .elementor-drop-cap{color:#69727d;border:3px solid;background-color:transparent}.elementor-widget-text-editor:not(.elementor-drop-cap-view-default) .elementor-drop-cap{margin-top:8px}.elementor-widget-text-editor:not(.elementor-drop-cap-view-default) .elementor-drop-cap-letter{width:1em;height:1em}.elementor-widget-text-editor .elementor-drop-cap{float:left;text-align:center;line-height:1;font-size:50px}.elementor-widget-text-editor .elementor-drop-cap-letter{display:inline-block}<\/style>\t\t\t\t<div class=\"flex flex-grow flex-col gap-3\"><div class=\"min-h-[20px] flex items-start overflow-x-auto whitespace-pre-wrap break-words flex-col gap-4\"><div class=\"markdown prose w-full break-words dark:prose-invert light\"><p>Na\u0161a spletna stran uporablja pi\u0161kotke, da vam omogo\u010dimo bolj\u0161o uporabni\u0161ko izku\u0161njo. Pi\u0161kotki so majhne besedilne datoteke, ki se shranijo na va\u0161em ra\u010dunalniku ali napravi, ko obi\u0161\u010dete spletno stran. Uporabljamo jih z namenom analize prometa, prilagajanja vsebine, zagotavljanja funkcionalnosti dru\u017ebenih medijev in bolj\u0161e razumevanje va\u0161ih interesov.<\/p><p><strong>Vrste pi\u0161kotkov:<\/strong><\/p><p>1. Obvezni pi\u0161kotki: Ti pi\u0161kotki so nujni za delovanje osnovnih funkcij spletne strani. Brez teh pi\u0161kotkov ne bi mogli uporabljati na\u0161e spletne strani v celoti.<\/p><p>2. Analiti\u010dni pi\u0161kotki: Ti pi\u0161kotki nam omogo\u010dajo sledenje anonimnih podatkov o tem, kako uporabljate na\u0161o spletno stran. Te informacije nam pomagajo izbolj\u0161ati strukturo in vsebino spletne strani.<\/p><p>3. Funkcionalni pi\u0161kotki: Ti pi\u0161kotki omogo\u010dajo, da si spletna stran zapomni va\u0161e izbire (na primer uporabni\u0161ko ime, jezik ali regijo) in vam zagotovi bolj prilagojeno izku\u0161njo.<\/p><p><strong>Kako upravljati pi\u0161kotke?<\/strong><\/p><p>Ve\u010dino spletnih brskalnikov je mogo\u010de nastaviti tako, da zavrne sprejemanje pi\u0161kotkov ali vas obvesti, ko se pi\u0161kotek po\u0161lje. Postopek upravljanja pi\u0161kotkov se lahko razlikuje glede na uporabljen brskalnik. Za ve\u010d informacij o upravljanju pi\u0161kotkov v svojem brskalniku obi\u0161\u010dite razdelek &#8220;Pomo\u010d&#8221; v svojem brskalniku.<\/p><p>Prosimo, upo\u0161tevajte, da bo zavrnitev uporabe pi\u0161kotkov morda vplivala na delovanje na\u0161e spletne strani in omejila nekatere funkcije.<\/p><\/div><\/div><\/div>\t\t\t\t\t\t<\/div>\n\t\t\t\t<\/div>\n\t\t\t\t\t<\/div>\n\t\t<\/div>\n\t\t\t\t\t\t\t<\/div>\n\t\t<\/section>\n\t\t\t\t\t\t\t<\/div>","protected":false},"excerpt":{"rendered":"<p>politika pi\u0161kotkov Na\u0161a spletna stran uporablja pi\u0161kotke, da vam omogo\u010dimo bolj\u0161o uporabni\u0161ko izku\u0161njo. Pi\u0161kotki so majhne besedilne datoteke, ki se shranijo na va\u0161em ra\u010dunalniku ali napravi, ko obi\u0161\u010dete spletno stran. Uporabljamo jih z namenom analize prometa, prilagajanja vsebine, zagotavljanja funkcionalnosti dru\u017ebenih medijev in bolj\u0161e razumevanje va\u0161ih interesov. Vrste pi\u0161kotkov: 1. Obvezni pi\u0161kotki: Ti pi\u0161kotki so nujni za delovanje osnovnih funkcij spletne strani. Brez teh pi\u0161kotkov ne bi mogli uporabljati na\u0161e spletne strani v celoti. 2. Analiti\u010dni pi\u0161kotki: Ti pi\u0161kotki nam omogo\u010dajo sledenje anonimnih podatkov o tem, kako uporabljate na\u0161o spletno stran. Te informacije nam pomagajo izbolj\u0161ati strukturo in vsebino spletne\u2026<\/p>","protected":false},"author":1,"featured_media":0,"parent":0,"menu_order":0,"comment_status":"closed","ping_status":"closed","template":"","meta":{"_seopress_robots_primary_cat":"","footnotes":""},"class_list":["post-8928","page","type-page","status-publish","hentry"],"blocksy_meta":"","_links":{"self":[{"href":"https:\/\/www.kmecki-turizem-krajnc.si\/it\/wp-json\/wp\/v2\/pages\/8928","targetHints":{"allow":["GET"]}}],"collection":[{"href":"https:\/\/www.kmecki-turizem-krajnc.si\/it\/wp-json\/wp\/v2\/pages"}],"about":[{"href":"https:\/\/www.kmecki-turizem-krajnc.si\/it\/wp-json\/wp\/v2\/types\/page"}],"author":[{"embeddable":true,"href":"https:\/\/www.kmecki-turizem-krajnc.si\/it\/wp-json\/wp\/v2\/users\/1"}],"replies":[{"embeddable":true,"href":"https:\/\/www.kmecki-turizem-krajnc.si\/it\/wp-json\/wp\/v2\/comments?post=8928"}],"version-history":[{"count":0,"href":"https:\/\/www.kmecki-turizem-krajnc.si\/it\/wp-json\/wp\/v2\/pages\/8928\/revisions"}],"wp:attachment":[{"href":"https:\/\/www.kmecki-turizem-krajnc.si\/it\/wp-json\/wp\/v2\/media?parent=8928"}],"curies":[{"name":"wp","href":"https:\/\/api.w.org\/{rel}","templated":true}]}}